{"id":160,"date":"2019-09-23T10:54:51","date_gmt":"2019-09-23T08:54:51","guid":{"rendered":"https:\/\/www.jardinsconceptmonaco.com\/mentions-legales\/"},"modified":"2021-06-07T14:52:45","modified_gmt":"2021-06-07T12:52:45","slug":"mentions-legales","status":"publish","type":"page","link":"https:\/\/www.jardinsconceptmonaco.com\/en\/mentions-legales\/","title":{"rendered":"Legal terms"},"content":{"rendered":"<p><strong>This website is edited by :<\/strong><\/p>\n<p>Jardins Concept<br \/>\n1 rue Grimaldi<br \/>\n98000 MONACO<br \/>\nMC PRINCIPAUTE DE MONACO<\/p>\n<p><strong>Companies register number :<\/strong><\/p>\n<p>&#8230;&#8230;..<\/p>\n<p><strong>Editor of this website :<\/strong><\/p>\n<p>Nicolas Matile-Narmino<\/p>\n<p><strong>Privacy and cookies :<\/strong><\/p>\n<p>Get more informations on this <a href=\"https:\/\/www.jardinsconceptmonaco.com\/en\/politique-de-confidentialite\/\">page<\/a>.<\/p>\n<p><strong>Hosting :<\/strong><\/p>\n<p><a href=\"https:\/\/www.ovh.com\/fr\/\" target=\"_blank\" rel=\"noopener noreferrer\">www.ovh.com<\/a><\/p>\n<p><strong>Website technical realization :<\/strong><\/p>\n<p><a href=\"https:\/\/www.media377.com\" target=\"_blank\" rel=\"noopener noreferrer\">www.media377.com<\/a><\/p>\n<p><strong>Copyright :<\/strong><\/p>\n<p>Tous les \u00e9l\u00e9ments publi\u00e9s sur ce site web, graphiques, textuels ou multim\u00e9dias sont soumis \u00e0 des droits d\u2019auteurs. Tous droits de reproduction interdits \u00a9 Jardins Concept Monaco 2021<\/p>\n","protected":false},"excerpt":{"rendered":"<p>This website is edited by : Jardins Concept 1 rue Grimaldi 98000 MONACO MC PRINCIPAUTE DE MONACO Companies register number : &#8230;&#8230;.. Editor of this website : Nicolas Matile-Narmino Privacy and cookies : Get more informations on this page. Hosting : www.ovh.com Website technical realization : www.media377.com Copyright : Tous&#8230;<\/p>\n","protected":false},"author":1,"featured_media":0,"parent":0,"menu_order":0,"comment_status":"closed","ping_status":"closed","template":"","meta":{"footnotes":""},"class_list":["post-160","page","type-page","status-publish","hentry"],"aioseo_notices":[],"amp_enabled":true,"_links":{"self":[{"href":"https:\/\/www.jardinsconceptmonaco.com\/en\/wp-json\/wp\/v2\/pages\/160","targetHints":{"allow":["GET"]}}],"collection":[{"href":"https:\/\/www.jardinsconceptmonaco.com\/en\/wp-json\/wp\/v2\/pages"}],"about":[{"href":"https:\/\/www.jardinsconceptmonaco.com\/en\/wp-json\/wp\/v2\/types\/page"}],"author":[{"embeddable":true,"href":"https:\/\/www.jardinsconceptmonaco.com\/en\/wp-json\/wp\/v2\/users\/1"}],"replies":[{"embeddable":true,"href":"https:\/\/www.jardinsconceptmonaco.com\/en\/wp-json\/wp\/v2\/comments?post=160"}],"version-history":[{"count":2,"href":"https:\/\/www.jardinsconceptmonaco.com\/en\/wp-json\/wp\/v2\/pages\/160\/revisions"}],"predecessor-version":[{"id":4022,"href":"https:\/\/www.jardinsconceptmonaco.com\/en\/wp-json\/wp\/v2\/pages\/160\/revisions\/4022"}],"wp:attachment":[{"href":"https:\/\/www.jardinsconceptmonaco.com\/en\/wp-json\/wp\/v2\/media?parent=160"}],"curies":[{"name":"wp","href":"https:\/\/api.w.org\/{rel}","templated":true}]}}